{"id":22,"date":"2024-11-03T18:08:49","date_gmt":"2024-11-03T17:08:49","guid":{"rendered":"https:\/\/kinesiologieimzentrum.at\/?page_id=22"},"modified":"2025-02-19T19:10:42","modified_gmt":"2025-02-19T18:10:42","slug":"xx","status":"publish","type":"page","link":"https:\/\/kinesiologieimzentrum.at\/?page_id=22","title":{"rendered":"Kontakt"},"content":{"rendered":"<p>Mag. Manon Massoth-G\u00f6schl<\/p>\n<p>Praxisgemeinschaft Physio<\/p>\n<p>Wiener Stra\u00dfe 26-28, Top B12<\/p>\n<figure class=\"wp-block-image alignright size-full is-resized\"><img loading=\"lazy\" decoding=\"async\" class=\"wp-image-150\" src=\"https:\/\/kinesiologieimzentrum.at\/wp-content\/uploads\/2025\/02\/logo_ohne.jpg\" alt=\"\" width=\"270\" height=\"270\" srcset=\"https:\/\/kinesiologieimzentrum.at\/wp-content\/uploads\/2025\/02\/logo_ohne.jpg 1024w, https:\/\/kinesiologieimzentrum.at\/wp-content\/uploads\/2025\/02\/logo_ohne-300x300.jpg 300w, https:\/\/kinesiologieimzentrum.at\/wp-content\/uploads\/2025\/02\/logo_ohne-150x150.jpg 150w, https:\/\/kinesiologieimzentrum.at\/wp-content\/uploads\/2025\/02\/logo_ohne-768x768.jpg 768w\" sizes=\"auto, (max-width: 270px) 100vw, 270px\" \/><\/figure>\n<p><\/p>\n<p>2345 Brunn am Gebirge<\/p>\n<p>+43 660 952 5681<\/p>\n<p>praxis_massoth-goeschl@gmx.at<\/p>\n<p>Gerne k\u00f6nnen Sie mich auch telefonisch kontaktieren und wir besprechen kurz ob ich Ihnen mit meinen kinesiologischen Mitteln weiterhelfen kann.<\/p>\n<p><strong>Anfahrt:<\/strong><\/p>\n<p>Mit dem Auto: In unmittelbarer Umgebung stehen sowohl Kurzparkpl\u00e4tze als auch P&amp;R Pl\u00e4tze zur Verf\u00fcgung.<\/p>\n<p>Mit \u00f6ffentlichen Verkehrsmitteln: S-Bahn bis Brunn Maria Enzersdorf (Fahrzeit vom Bahnhof Wien Meidling: 13 Minuten), Gehzeit zur Praxis ca. 5 Minuten; diverse Busverbindungen<\/p>\n\n\n<p><\/p>\n","protected":false},"excerpt":{"rendered":"<p>Mag. Manon Massoth-G\u00f6schl Praxisgemeinschaft Physio Wiener Stra\u00dfe 26-28, Top B12 2345 Brunn am Gebirge +43 660 952 5681 praxis_massoth-goeschl@gmx.at Gerne k\u00f6nnen Sie mich auch telefonisch kontaktieren und wir besprechen kurz ob ich Ihnen mit meinen kinesiologischen Mitteln weiterhelfen kann. Anfahrt: Mit dem Auto: In unmittelbarer Umgebung stehen sowohl Kurzparkpl\u00e4tze als auch P&amp;R Pl\u00e4tze zur Verf\u00fcgung. <a class=\"read-more\" href=\"https:\/\/kinesiologieimzentrum.at\/?page_id=22\">READ MORE<\/a><\/p>\n","protected":false},"author":1,"featured_media":0,"parent":0,"menu_order":2,"comment_status":"closed","ping_status":"closed","template":"","meta":{"footnotes":""},"class_list":["post-22","page","type-page","status-publish","hentry"],"_links":{"self":[{"href":"https:\/\/kinesiologieimzentrum.at\/index.php?rest_route=\/wp\/v2\/pages\/22","targetHints":{"allow":["GET"]}}],"collection":[{"href":"https:\/\/kinesiologieimzentrum.at\/index.php?rest_route=\/wp\/v2\/pages"}],"about":[{"href":"https:\/\/kinesiologieimzentrum.at\/index.php?rest_route=\/wp\/v2\/types\/page"}],"author":[{"embeddable":true,"href":"https:\/\/kinesiologieimzentrum.at\/index.php?rest_route=\/wp\/v2\/users\/1"}],"replies":[{"embeddable":true,"href":"https:\/\/kinesiologieimzentrum.at\/index.php?rest_route=%2Fwp%2Fv2%2Fcomments&post=22"}],"version-history":[{"count":8,"href":"https:\/\/kinesiologieimzentrum.at\/index.php?rest_route=\/wp\/v2\/pages\/22\/revisions"}],"predecessor-version":[{"id":153,"href":"https:\/\/kinesiologieimzentrum.at\/index.php?rest_route=\/wp\/v2\/pages\/22\/revisions\/153"}],"wp:attachment":[{"href":"https:\/\/kinesiologieimzentrum.at\/index.php?rest_route=%2Fwp%2Fv2%2Fmedia&parent=22"}],"curies":[{"name":"wp","href":"https:\/\/api.w.org\/{rel}","templated":true}]}}