{"id":20,"date":"2024-11-03T18:06:16","date_gmt":"2024-11-03T17:06:16","guid":{"rendered":"https:\/\/kinesiologieimzentrum.at\/?page_id=20"},"modified":"2026-04-03T10:55:13","modified_gmt":"2026-04-03T08:55:13","slug":"ablauf","status":"publish","type":"page","link":"https:\/\/kinesiologieimzentrum.at\/?page_id=20","title":{"rendered":"Ablauf"},"content":{"rendered":"<p>Ich arbeite ganzheitlich und individuell \u2013 jede Sitzung wird gezielt auf Ihre pers\u00f6nlichen Bed\u00fcrfnisse abgestimmt. Sie kommen mit einem Anliegen zu mir, wie zum Beispiel:<\/p>\n<ul>\n<li>Sie sp\u00fcren \u00dcberempfindlichkeitsreaktionen (Pollen, Gr\u00e4ser, Tierhaare, &#8230;)<\/li>\n<li>Sie vermuten, dass Sie bestimmte Lebensmittel momentan nicht vertragen (Fructose, Lactose, Gluten,&#8230;)<\/li>\n<li>Sie leiden unter Schmerzen<\/li>\n<li>Ihr Kind hat Schwierigkeiten beim Lernen<\/li>\n<li>Ihr Baby weint viel<\/li>\n<li>Sie f\u00fchlen sich h\u00e4ufig gestresst, wenn bestimmte Situationen auftreten<\/li>\n<li>Es stehen wichtige Ver\u00e4nderungen an<\/li>\n<\/ul>\n<p>Im Mittelpunkt jeder Sitzung steht der kinesiologische Muskeltest. Mit leichtem Druck auf verschiedene Muskeln pr\u00fcfe ich die Reaktion Ihres K\u00f6rpers auf gezielte Fragen oder Reize. Ein &#8222;starker&#8220; oder &#8222;schwacher&#8220; Muskel gibt Hinweise darauf, was den K\u00f6rper st\u00e4rkt oder schw\u00e4cht. Sobald wir die Ursachen f\u00fcr Ungleichgewichte herausgefunden haben, wende ich gezielte kinesiologische Techniken an, um die Balance wiederherzustellen. Dabei sitzen Sie entspannt auf einem Sessel oder liegen bequem auf einer Massageliege.<\/p>\n<p><strong>H\u00e4ufigkeit<\/strong><\/p>\n<p>Die Frequenz der Sitzungen ist sehr individuell und h\u00e4ngt von Ihrem Thema und Ihren W\u00fcnschen ab. Meist ist es sinnvoll nach 3-4 Wochen bei einem Folgetermin zu schauen, was durch die Balance in Bewegung gekommen ist und wo es eventuell einen neuerlichen Impuls braucht.<\/p>\n<p><strong>Preise<\/strong><\/p>\n<p>Einzelsitzung (bis zu 50 Minuten) 80 \u20ac<\/p>\n<p>Ersttermin (bis zu 80 Minuten) 120 \u20ac<\/p>\n<p>Manche private Zusatzversicherungen \u00fcbernehmen die Kosten einer kinesiologischen Sitzung \u2013 bitte erkundigen Sie sich gegebenenfalls.\u00a0<\/p>\n<p>Eine kinesiologische Sitzung ersetzt keine medizinische oder psychotherapeutische Behandlung.<\/p>\n\n\n<figure class=\"wp-block-image size-large is-resized\"><img loading=\"lazy\" decoding=\"async\" width=\"683\" height=\"1024\" src=\"https:\/\/kinesiologieimzentrum.at\/wp-content\/uploads\/2024\/11\/klopfen-2-683x1024.jpeg\" alt=\"\" class=\"wp-image-85\" style=\"width:214px;height:auto\" srcset=\"https:\/\/kinesiologieimzentrum.at\/wp-content\/uploads\/2024\/11\/klopfen-2-683x1024.jpeg 683w, https:\/\/kinesiologieimzentrum.at\/wp-content\/uploads\/2024\/11\/klopfen-2-200x300.jpeg 200w, https:\/\/kinesiologieimzentrum.at\/wp-content\/uploads\/2024\/11\/klopfen-2-768x1152.jpeg 768w, https:\/\/kinesiologieimzentrum.at\/wp-content\/uploads\/2024\/11\/klopfen-2-1024x1536.jpeg 1024w, https:\/\/kinesiologieimzentrum.at\/wp-content\/uploads\/2024\/11\/klopfen-2-1365x2048.jpeg 1365w, https:\/\/kinesiologieimzentrum.at\/wp-content\/uploads\/2024\/11\/klopfen-2-scaled.jpeg 1707w\" sizes=\"auto, (max-width: 683px) 100vw, 683px\" \/><\/figure>\n\n\n\n<p><\/p>\n\n\n\n<p><\/p>\n\n\n\n<figure class=\"wp-block-image size-large is-resized\"><img loading=\"lazy\" decoding=\"async\" width=\"1024\" height=\"768\" src=\"https:\/\/kinesiologieimzentrum.at\/wp-content\/uploads\/2025\/03\/IMG_4296-1024x768.jpg\" alt=\"\" class=\"wp-image-160\" style=\"width:349px;height:auto\" srcset=\"https:\/\/kinesiologieimzentrum.at\/wp-content\/uploads\/2025\/03\/IMG_4296-1024x768.jpg 1024w, https:\/\/kinesiologieimzentrum.at\/wp-content\/uploads\/2025\/03\/IMG_4296-300x225.jpg 300w, https:\/\/kinesiologieimzentrum.at\/wp-content\/uploads\/2025\/03\/IMG_4296-768x576.jpg 768w, https:\/\/kinesiologieimzentrum.at\/wp-content\/uploads\/2025\/03\/IMG_4296-1536x1152.jpg 1536w, https:\/\/kinesiologieimzentrum.at\/wp-content\/uploads\/2025\/03\/IMG_4296.jpg 2016w\" sizes=\"auto, (max-width: 1024px) 100vw, 1024px\" \/><figcaption class=\"wp-element-caption\">Tests\u00e4tze<\/figcaption><\/figure>\n\n\n\n<p><\/p>\n\n\n\n<p><\/p>\n\n\n\n<p><\/p>\n","protected":false},"excerpt":{"rendered":"<p>Ich arbeite ganzheitlich und individuell \u2013 jede Sitzung wird gezielt auf Ihre pers\u00f6nlichen Bed\u00fcrfnisse abgestimmt. Sie kommen mit einem Anliegen zu mir, wie zum Beispiel: Sie sp\u00fcren \u00dcberempfindlichkeitsreaktionen (Pollen, Gr\u00e4ser, Tierhaare, &#8230;) Sie vermuten, dass Sie bestimmte Lebensmittel momentan nicht vertragen (Fructose, Lactose, Gluten,&#8230;) Sie leiden unter Schmerzen Ihr Kind hat Schwierigkeiten beim Lernen Ihr <a class=\"read-more\" href=\"https:\/\/kinesiologieimzentrum.at\/?page_id=20\">READ MORE<\/a><\/p>\n","protected":false},"author":1,"featured_media":0,"parent":0,"menu_order":1,"comment_status":"closed","ping_status":"closed","template":"","meta":{"footnotes":""},"class_list":["post-20","page","type-page","status-publish","hentry"],"_links":{"self":[{"href":"https:\/\/kinesiologieimzentrum.at\/index.php?rest_route=\/wp\/v2\/pages\/20","targetHints":{"allow":["GET"]}}],"collection":[{"href":"https:\/\/kinesiologieimzentrum.at\/index.php?rest_route=\/wp\/v2\/pages"}],"about":[{"href":"https:\/\/kinesiologieimzentrum.at\/index.php?rest_route=\/wp\/v2\/types\/page"}],"author":[{"embeddable":true,"href":"https:\/\/kinesiologieimzentrum.at\/index.php?rest_route=\/wp\/v2\/users\/1"}],"replies":[{"embeddable":true,"href":"https:\/\/kinesiologieimzentrum.at\/index.php?rest_route=%2Fwp%2Fv2%2Fcomments&post=20"}],"version-history":[{"count":24,"href":"https:\/\/kinesiologieimzentrum.at\/index.php?rest_route=\/wp\/v2\/pages\/20\/revisions"}],"predecessor-version":[{"id":173,"href":"https:\/\/kinesiologieimzentrum.at\/index.php?rest_route=\/wp\/v2\/pages\/20\/revisions\/173"}],"wp:attachment":[{"href":"https:\/\/kinesiologieimzentrum.at\/index.php?rest_route=%2Fwp%2Fv2%2Fmedia&parent=20"}],"curies":[{"name":"wp","href":"https:\/\/api.w.org\/{rel}","templated":true}]}}