{"id":16,"date":"2024-11-03T18:04:54","date_gmt":"2024-11-03T17:04:54","guid":{"rendered":"https:\/\/kinesiologieimzentrum.at\/?page_id=16"},"modified":"2025-02-19T19:15:20","modified_gmt":"2025-02-19T18:15:20","slug":"impressum","status":"publish","type":"page","link":"https:\/\/kinesiologieimzentrum.at\/?page_id=16","title":{"rendered":"Impressum"},"content":{"rendered":"\n<p>F\u00fcr den Inhalt verantwortlich:<\/p>\n\n\n\n<p>Mag. Manon Massoth-G\u00f6schl<\/p>\n\n\n\n<p>Praxisgemeinschaft Physio<\/p>\n\n\n\n<p>Wiener Stra\u00dfe 26-28, Top B12<\/p>\n\n\n\n<p>2345 Brunn am Gebirge<\/p>\n\n\n\n<p>+43 660 952 5681<\/p>\n\n\n\n<p>praxis_massoth-goeschl@gmx.at<\/p>\n\n\n\n<p><br>Anwendbare Rechtsvorschriften und Zugang:&nbsp;<br>Berufsrecht, Gewerbeordnung: www.ris.bka.gv.at<\/p>\n\n\n\n<p><br>Wirtschaftskammer \u00d6sterreich (WKO): Berufsbezeichnung: Humanenergetikerin \/ Kinesiologin;&nbsp;Bezirkshauptmannschaft&nbsp;M\u00f6dling.<\/p>\n\n\n\n<p>Sie k\u00f6nnen allf\u00e4llige Beschwerde auch an die oben angegebene E-Mail-Adresse richten. &nbsp;<br>Verbraucher haben die M\u00f6glichkeit, Beschwerden an die Online Streitbeilegungsplattform der EU zu richten:<a href=\"http:\/\/ec.europa.eu\/odr\">http:\/\/ec.europa.eu\/odr<\/a>.<br><br><\/p>\n\n\n\n<p>Alle Angaben erfolgen trotz sorgf\u00e4ltigster Bearbeitung ohne Gew\u00e4hr. Eine Haftung der Inhaberin ist ausgeschlossen.<\/p>\n","protected":false},"excerpt":{"rendered":"<p>F\u00fcr den Inhalt verantwortlich: Mag. Manon Massoth-G\u00f6schl Praxisgemeinschaft Physio Wiener Stra\u00dfe 26-28, Top B12 2345 Brunn am Gebirge +43 660 952 5681 praxis_massoth-goeschl@gmx.at Anwendbare Rechtsvorschriften und Zugang:&nbsp;Berufsrecht, Gewerbeordnung: www.ris.bka.gv.at Wirtschaftskammer \u00d6sterreich (WKO): Berufsbezeichnung: Humanenergetikerin \/ Kinesiologin;&nbsp;Bezirkshauptmannschaft&nbsp;M\u00f6dling. Sie k\u00f6nnen allf\u00e4llige Beschwerde auch an die oben angegebene E-Mail-Adresse richten. &nbsp;Verbraucher haben die M\u00f6glichkeit, Beschwerden an die Online <a class=\"read-more\" href=\"https:\/\/kinesiologieimzentrum.at\/?page_id=16\">READ MORE<\/a><\/p>\n","protected":false},"author":1,"featured_media":0,"parent":0,"menu_order":3,"comment_status":"closed","ping_status":"closed","template":"","meta":{"footnotes":""},"class_list":["post-16","page","type-page","status-publish","hentry"],"_links":{"self":[{"href":"https:\/\/kinesiologieimzentrum.at\/index.php?rest_route=\/wp\/v2\/pages\/16","targetHints":{"allow":["GET"]}}],"collection":[{"href":"https:\/\/kinesiologieimzentrum.at\/index.php?rest_route=\/wp\/v2\/pages"}],"about":[{"href":"https:\/\/kinesiologieimzentrum.at\/index.php?rest_route=\/wp\/v2\/types\/page"}],"author":[{"embeddable":true,"href":"https:\/\/kinesiologieimzentrum.at\/index.php?rest_route=\/wp\/v2\/users\/1"}],"replies":[{"embeddable":true,"href":"https:\/\/kinesiologieimzentrum.at\/index.php?rest_route=%2Fwp%2Fv2%2Fcomments&post=16"}],"version-history":[{"count":5,"href":"https:\/\/kinesiologieimzentrum.at\/index.php?rest_route=\/wp\/v2\/pages\/16\/revisions"}],"predecessor-version":[{"id":156,"href":"https:\/\/kinesiologieimzentrum.at\/index.php?rest_route=\/wp\/v2\/pages\/16\/revisions\/156"}],"wp:attachment":[{"href":"https:\/\/kinesiologieimzentrum.at\/index.php?rest_route=%2Fwp%2Fv2%2Fmedia&parent=16"}],"curies":[{"name":"wp","href":"https:\/\/api.w.org\/{rel}","templated":true}]}}