{"id":13,"date":"2024-11-03T18:03:41","date_gmt":"2024-11-03T17:03:41","guid":{"rendered":"https:\/\/kinesiologieimzentrum.at\/?page_id=13"},"modified":"2026-03-05T15:57:22","modified_gmt":"2026-03-05T14:57:22","slug":"startseite","status":"publish","type":"page","link":"https:\/\/kinesiologieimzentrum.at\/","title":{"rendered":"Startseite"},"content":{"rendered":"<h2><strong><em>Praxis f\u00fcr Kinesiologie<\/em><\/strong><\/h2>\n<h3>Mag. Manon Massoth-G\u00f6schl<\/h3>\n<p><strong>Herzlich Willkommen!<\/strong><\/p>\n<p>Wollen Sie ihr Wohlbefinden verbessern und weniger gestresst sein? Die Kinesiologie (&#8222;touch for health&#8220;) hat einen ganzheitlichen Ansatz und m\u00f6chte die nat\u00fcrliche Balance von K\u00f6rper, Geist und Seele wiederherstellen.<\/p>\n<p><span style=\"letter-spacing: 0px;\">Der Begriff Kinesiologie leitet sich von den griechischen W\u00f6rtern \u201ekinesis&#8220; f\u00fcr Bewegung und \u201elogos&#8220; f\u00fcr die Lehre ab, also die \u201eLehre von der Bewegung&#8220;. <\/span>\u201eTouch for health\u201c nutzt Erkenntnisse aus:<\/p>\n<ul>\n<li>der Bewegungslehre<\/li>\n<li>der Akupressur<\/li>\n<li>der Chinesischen Medizin\u00a0<\/li>\n<li>Ern\u00e4hrungslehre nach TCM<\/li>\n<\/ul>\n<p>Kinesiologie kann bei einer Vielzahl von Themen unterst\u00fctzen, u.a. bei:<\/p>\n<ul>\n<li>Stress, \u00dcberforderung und Energiemangel<\/li>\n<li>\u00dcberempfindlichkeiten (Pollen, Gr\u00e4ser, Tierhaare, \u2026)<\/li>\n<li>Lebensmittelunvertr\u00e4glichkeiten<\/li>\n<li>emotionale Belastungen<\/li>\n<li>Schmerzen, Kopfschmerzen<\/li>\n<li>Lern- und Konzentrationsschwierigkeiten (auch im Schulkontext)<\/li>\n<li>Anspannung im Kiefer (z.B. Z\u00e4hneknirschen)<\/li>\n<li>Ver\u00e4nderungsprozesse<\/li>\n<\/ul>\n\n\n<p><em>Ich w\u00fcrde mich sehr freuen, Sie auf Ihrem Weg zu mehr Balance ein St\u00fcck weit begleiten zu d\u00fcrfen!<\/em><\/p>\n\n\n\n<figure class=\"wp-block-image size-large is-resized\"><img loading=\"lazy\" decoding=\"async\" width=\"683\" height=\"1024\" src=\"https:\/\/kinesiologieimzentrum.at\/wp-content\/uploads\/2024\/11\/hand-1-683x1024.jpeg\" alt=\"\" class=\"wp-image-117\" style=\"width:217px;height:auto\" srcset=\"https:\/\/kinesiologieimzentrum.at\/wp-content\/uploads\/2024\/11\/hand-1-683x1024.jpeg 683w, https:\/\/kinesiologieimzentrum.at\/wp-content\/uploads\/2024\/11\/hand-1-200x300.jpeg 200w, https:\/\/kinesiologieimzentrum.at\/wp-content\/uploads\/2024\/11\/hand-1-768x1152.jpeg 768w, https:\/\/kinesiologieimzentrum.at\/wp-content\/uploads\/2024\/11\/hand-1-1024x1536.jpeg 1024w, https:\/\/kinesiologieimzentrum.at\/wp-content\/uploads\/2024\/11\/hand-1-1365x2048.jpeg 1365w, https:\/\/kinesiologieimzentrum.at\/wp-content\/uploads\/2024\/11\/hand-1-scaled.jpeg 1707w\" sizes=\"auto, (max-width: 683px) 100vw, 683px\" \/><\/figure>\n","protected":false},"excerpt":{"rendered":"<p>Praxis f\u00fcr Kinesiologie Mag. Manon Massoth-G\u00f6schl Herzlich Willkommen! Wollen Sie ihr Wohlbefinden verbessern und weniger gestresst sein? Die Kinesiologie (&#8222;touch for health&#8220;) hat einen ganzheitlichen Ansatz und m\u00f6chte die nat\u00fcrliche Balance von K\u00f6rper, Geist und Seele wiederherstellen. Der Begriff Kinesiologie leitet sich von den griechischen W\u00f6rtern \u201ekinesis&#8220; f\u00fcr Bewegung und \u201elogos&#8220; f\u00fcr die Lehre ab, <a class=\"read-more\" href=\"https:\/\/kinesiologieimzentrum.at\/\">READ MORE<\/a><\/p>\n","protected":false},"author":1,"featured_media":0,"parent":0,"menu_order":0,"comment_status":"closed","ping_status":"closed","template":"","meta":{"footnotes":""},"class_list":["post-13","page","type-page","status-publish","hentry"],"_links":{"self":[{"href":"https:\/\/kinesiologieimzentrum.at\/index.php?rest_route=\/wp\/v2\/pages\/13","targetHints":{"allow":["GET"]}}],"collection":[{"href":"https:\/\/kinesiologieimzentrum.at\/index.php?rest_route=\/wp\/v2\/pages"}],"about":[{"href":"https:\/\/kinesiologieimzentrum.at\/index.php?rest_route=\/wp\/v2\/types\/page"}],"author":[{"embeddable":true,"href":"https:\/\/kinesiologieimzentrum.at\/index.php?rest_route=\/wp\/v2\/users\/1"}],"replies":[{"embeddable":true,"href":"https:\/\/kinesiologieimzentrum.at\/index.php?rest_route=%2Fwp%2Fv2%2Fcomments&post=13"}],"version-history":[{"count":18,"href":"https:\/\/kinesiologieimzentrum.at\/index.php?rest_route=\/wp\/v2\/pages\/13\/revisions"}],"predecessor-version":[{"id":169,"href":"https:\/\/kinesiologieimzentrum.at\/index.php?rest_route=\/wp\/v2\/pages\/13\/revisions\/169"}],"wp:attachment":[{"href":"https:\/\/kinesiologieimzentrum.at\/index.php?rest_route=%2Fwp%2Fv2%2Fmedia&parent=13"}],"curies":[{"name":"wp","href":"https:\/\/api.w.org\/{rel}","templated":true}]}}